{"id":88,"date":"2015-02-16T13:22:12","date_gmt":"2015-02-16T12:22:12","guid":{"rendered":"http:\/\/www.sv-hofheim.de\/hsv\/?page_id=88"},"modified":"2015-05-13T11:56:15","modified_gmt":"2015-05-13T09:56:15","slug":"sportgelaende","status":"publish","type":"page","link":"http:\/\/www.sv-hofheim.de\/hsv\/sportgelaende\/","title":{"rendered":"Sportgel\u00e4nde"},"content":{"rendered":"<p>Dem SV Hofheim stehen f\u00fcr den Traings- und Spielbetrieb ein DFB-Kleinspielfeld (Kunstrasen), sowie der vereinseigene Tennenplatz und der st\u00e4dtische Rasenplatz zur Verf\u00fcgung.<\/p>\n<p><img loading=\"lazy\" class=\" size-thumbnail wp-image-538 alignleft\" src=\"http:\/\/www.sv-hofheim.de\/hsv\/wp-content\/uploads\/2015\/05\/DSC02869-150x150.jpg\" alt=\"Rasenspielfeld\" width=\"150\" height=\"150\" \/><\/p>\n","protected":false},"excerpt":{"rendered":"<p>Dem SV Hofheim stehen f\u00fcr den Traings- und Spielbetrieb ein DFB-Kleinspielfeld (Kunstrasen), sowie der vereinseigene Tennenplatz und der st\u00e4dtische Rasenplatz zur Verf\u00fcgung.<\/p>\n","protected":false},"author":1,"featured_media":0,"parent":0,"menu_order":11,"comment_status":"closed","ping_status":"closed","template":"page-templates\/full-width.php","meta":[],"_links":{"self":[{"href":"http:\/\/www.sv-hofheim.de\/hsv\/wp-json\/wp\/v2\/pages\/88"}],"collection":[{"href":"http:\/\/www.sv-hofheim.de\/hsv\/wp-json\/wp\/v2\/pages"}],"about":[{"href":"http:\/\/www.sv-hofheim.de\/hsv\/wp-json\/wp\/v2\/types\/page"}],"author":[{"embeddable":true,"href":"http:\/\/www.sv-hofheim.de\/hsv\/wp-json\/wp\/v2\/users\/1"}],"replies":[{"embeddable":true,"href":"http:\/\/www.sv-hofheim.de\/hsv\/wp-json\/wp\/v2\/comments?post=88"}],"version-history":[{"count":5,"href":"http:\/\/www.sv-hofheim.de\/hsv\/wp-json\/wp\/v2\/pages\/88\/revisions"}],"predecessor-version":[{"id":540,"href":"http:\/\/www.sv-hofheim.de\/hsv\/wp-json\/wp\/v2\/pages\/88\/revisions\/540"}],"wp:attachment":[{"href":"http:\/\/www.sv-hofheim.de\/hsv\/wp-json\/wp\/v2\/media?parent=88"}],"curies":[{"name":"wp","href":"https:\/\/api.w.org\/{rel}","templated":true}]}}