{"id":82,"date":"2015-02-16T13:21:53","date_gmt":"2015-02-16T12:21:53","guid":{"rendered":"http:\/\/www.sv-hofheim.de\/hsv\/?page_id=82"},"modified":"2024-03-11T08:50:43","modified_gmt":"2024-03-11T07:50:43","slug":"vorstandschaft","status":"publish","type":"page","link":"http:\/\/www.sv-hofheim.de\/hsv\/vorstandschaft\/","title":{"rendered":"Vorstandschaft"},"content":{"rendered":"<p>1. Vorsitzender:<br \/>\nAlexander Bergmann<br \/>\nObere Torstra\u00dfe 11, 97461 Hofheim<br \/>\nTel.: 09523\/6300<\/p>\n<p>2. Vorsitzender:<br \/>\nJ\u00fcrgen Lang<br \/>\n97461 Hofheim<\/p>\n<p>Kassier:<br \/>\nManuel Ankerm\u00fcller<br \/>\n97461 Hofheim<\/p>\n<p>1. Schriftf\u00fchrer:<br \/>\nTino Behr<br \/>\n97461 Hofheim<\/p>\n<p>2. Schriftf\u00fchrer:<br \/>\nChris Thomsen<br \/>\n97461 Hofheim<\/p>\n<p>Abteilungsleiter:<br \/>\nTobias J\u00fcnger<br \/>\n97461 Hofheim<\/p>\n<p>Jugendleiter:<br \/>\nDavid Sorenson<br \/>\n97461 Hofheim<\/p>\n","protected":false},"excerpt":{"rendered":"<p>1. Vorsitzender: Alexander Bergmann Obere Torstra\u00dfe 11, 97461 Hofheim Tel.: 09523\/6300 2. Vorsitzender: J\u00fcrgen Lang 97461 Hofheim Kassier: Manuel Ankerm\u00fcller 97461 Hofheim 1. Schriftf\u00fchrer: Tino Behr 97461 Hofheim 2. Schriftf\u00fchrer: Chris Thomsen 97461 Hofheim Abteilungsleiter: Tobias J\u00fcnger 97461 Hofheim Jugendleiter: David Sorenson 97461 Hofheim<\/p>\n","protected":false},"author":1,"featured_media":0,"parent":0,"menu_order":9,"comment_status":"closed","ping_status":"open","template":"page-templates\/full-width.php","meta":[],"_links":{"self":[{"href":"http:\/\/www.sv-hofheim.de\/hsv\/wp-json\/wp\/v2\/pages\/82"}],"collection":[{"href":"http:\/\/www.sv-hofheim.de\/hsv\/wp-json\/wp\/v2\/pages"}],"about":[{"href":"http:\/\/www.sv-hofheim.de\/hsv\/wp-json\/wp\/v2\/types\/page"}],"author":[{"embeddable":true,"href":"http:\/\/www.sv-hofheim.de\/hsv\/wp-json\/wp\/v2\/users\/1"}],"replies":[{"embeddable":true,"href":"http:\/\/www.sv-hofheim.de\/hsv\/wp-json\/wp\/v2\/comments?post=82"}],"version-history":[{"count":12,"href":"http:\/\/www.sv-hofheim.de\/hsv\/wp-json\/wp\/v2\/pages\/82\/revisions"}],"predecessor-version":[{"id":1816,"href":"http:\/\/www.sv-hofheim.de\/hsv\/wp-json\/wp\/v2\/pages\/82\/revisions\/1816"}],"wp:attachment":[{"href":"http:\/\/www.sv-hofheim.de\/hsv\/wp-json\/wp\/v2\/media?parent=82"}],"curies":[{"name":"wp","href":"https:\/\/api.w.org\/{rel}","templated":true}]}}