{"id":79,"date":"2015-02-16T13:21:42","date_gmt":"2015-02-16T12:21:42","guid":{"rendered":"http:\/\/www.sv-hofheim.de\/hsv\/?page_id=79"},"modified":"2024-11-13T13:15:43","modified_gmt":"2024-11-13T12:15:43","slug":"geschichte","status":"publish","type":"page","link":"http:\/\/www.sv-hofheim.de\/hsv\/geschichte\/","title":{"rendered":"Geschichte"},"content":{"rendered":"<ul>\n<li>Oktober 1919: Gr\u00fcndung des Vereins unter dem Namen 1. FC Hofheim 1919 Gr\u00fcndungsmitglieder: Karl Hempfling, Richard St\u00f6cker, Max Wagenh\u00e4user, Adam Schlie\u00dfmann, Georg Illig, Adolf John und Ludwig Schamberger<\/li>\n<li>1919: Karl Hempfling wird zum 1. Vorsitzenden gew\u00e4hlt<\/li>\n<li>M\u00e4rz 1920: Spielbetrieb auf dem Sportplatz \u201eGro\u00dfe Quelle\u201c<\/li>\n<li>Fr\u00fchjahr 1921: Fusion mit dem TV Hofheim<\/li>\n<li>1921: Spiele in der C-Klasse Bamberg<\/li>\n<li>1921 bis 1924: Schaffung des heutigen Fu\u00dfballplatzes (heute Allwetterplatz)<\/li>\n<li>1923: Richard St\u00f6cker wird zum 1. Vorsitzenden gew\u00e4hlt<\/li>\n<li>Februar 1924: Trennung vom TV Hofheim und Neugr\u00fcndung unter dem Namen \u201eHofheimer Sportverein 1919\u201c mit 160 Gr\u00fcndungsmitgliedern<\/li>\n<li>1924: Hans Manger wird zum 1. Vorsitzenden gew\u00e4hlt<\/li>\n<li>Ab 1927 Spielbetrieb auf dem Sportplatz \u201eAm Gries\u201c<\/li>\n<li>1927: Erste Vereinssatzung und Eintrag ins Vereinsregister Der Jahresbeitrag wurde auf 2,60 DM festgelegt<\/li>\n<li>August 1927: Fahnenweihe der heute noch existierenden Vereinsfahne<\/li>\n<li>Ab 1928: Spiele in der B-Klasse Gau Bamberg \u2013 Bezirk Ha\u00dffurt<\/li>\n<li>1929: 10-j\u00e4hriges Stiftungsfest mit Austragung des Gautages des Gaues Bamberg im S\u00fcddeutschen Fu\u00dfball- und Leichtathletikverband<\/li>\n<li>1930\/1931: Aufstieg in die A-Klasse<\/li>\n<li>1931\/1932: Meister der A-Klasse<\/li>\n<li>1932: Adalbert Stephan wird zum 1. Vorsitzenden gew\u00e4hlt<\/li>\n<li>1933: Egid Saukel wird zum 1. Vorsitzenden gew\u00e4hlt<\/li>\n<li>Oktober 1933: Zusammenschluss mit dem TV Hofheim<\/li>\n<li>1934: Heinrich Schmidt wird zum 1. Vorsitzenden gew\u00e4hlt<\/li>\n<li>1936: Hans Manger wird zum 1.\u00a0 Vorsitzenden gew\u00e4hlt<\/li>\n<li>1936: A-Klassenmeister 1. Mannschaft<\/li>\n<li>Bis 1945: Kein Fu\u00dfball-Spielbetrieb wegen des 2. Weltkriegs<\/li>\n<li>Ab 1946: Wiederaufnahme des Spielbetriebs als eigenst\u00e4ndiger Verein und Teilnahme an den Verbandsrunden<\/li>\n<li>1946: Max Leuner wird zum 1. Vorsitzenden gew\u00e4hlt<\/li>\n<li>1948:\u00a0 Bayerischer Meister im Faustball und Endspielteilnahme um die Deutsche Meisterschaft in Frankfurt<\/li>\n<li>1948\/1949: Meister der Bezirksklasse<\/li>\n<li>1949: 30j\u00e4hriges Stiftungsfest<\/li>\n<li>1951: Hans Wacker wird zum 1. Vorsitzenden gew\u00e4hlt<\/li>\n<li>1953: Sieger des Pokal-Wettbewerbs beim FC Ha\u00dffurt Endspiel HSV \u2013 FC Zeil 2:1<\/li>\n<li>1955: Heinrich Ammon wird zum 1. Vorsitzenden gew\u00e4hlt<\/li>\n<li>1958: Ivo Martin wird zum 1. Vorsitzenden gew\u00e4hlt<\/li>\n<li>1958: Ha\u00dfgau Pokalsieg<\/li>\n<li>1959\/1960: Meister der B-Klasse<\/li>\n<li>1960: Meister der Jugendspielgruppe Ha\u00dffurt<\/li>\n<li>1961: Willi Stubenrauch wird zum 1. Vorsitzenden gew\u00e4hlt.<\/li>\n<li>1962\/63: B-Klassenmeister der Spielgruppe 15 A-Jugendmeister Spielgruppe 15<\/li>\n<li>1964: Friedrich Haag wird zum 1. Vorsitzenden gew\u00e4hlt<\/li>\n<li>1966:\u00a0 Hermann Dellert wird zum 1. Vorsitzenden gew\u00e4hlt. Er verstarb mit 29 Jahren<\/li>\n<li>1968: Bau eines Umkleide- und Duschraumgeb\u00e4udes bei der Brauerei Raab<\/li>\n<li>1968\/69: Erreichung des Halbfinals im DFB-Pokal auf Bezirksebene<\/li>\n<li>1968\/69: Meister Jugendspielgruppe Schweinfurt<\/li>\n<li>1969: Emil Bartl wird zum 1. Vorsitzenden gew\u00e4hlt<\/li>\n<li>1969: 50-j\u00e4hriges Vereinsjubil\u00e4um<\/li>\n<li>1970\/1971: Meister der A-Klasse Ha\u00dfgau \/ Meisterschaft 2.Mannschaft \/ Jugendmeisterschaft in der Spielgruppe 15<\/li>\n<li>1971\/1972: Abstieg aus die Bezirksliga Ost<\/li>\n<li>1972\/1973: Meister der Bezirksliga Reserve<\/li>\n<li>1973: Lutz Hesse wird zum 1. Vorsitzenden gew\u00e4hlt<\/li>\n<li>1973: Errichtung eines Vereinsheims durch die Aufstellung einer Holzbaracke (die Fans bezeichneten es als \u201eSporthotel\u201c)<\/li>\n<li>1973\/1974: Meister der A-Klasse und Aufstieg in die Bezirksliga-Ost<\/li>\n<li>1974\/1975: Vizemeister der Bezirksliga Ost und Aufstieg in die Landesliga Nord<\/li>\n<li>1975\/1976: Abstieg aus der Landesliga Nord<\/li>\n<li>1976: Einweihung der st\u00e4dt. Sportanlage, Zweitligist TSV 1860 M\u00fcnchen ist die Attraktion beim Er\u00f6ffnungsspiel<\/li>\n<li>1976\/1977: Meisterschaft der Sch\u00fcler<\/li>\n<li>1977: Bernd Blatt wird zum 1. Vorsitzenden gew\u00e4hlt<\/li>\n<li>Juli 1979: 60-j\u00e4hriges Vereinsjubil\u00e4um<\/li>\n<li>September 1979: Einweihung des Sportheims<\/li>\n<li>1982: Einf\u00fchrung des Neujahrsempfangs<\/li>\n<li>1982\/1983: Anbau einer Ger\u00e4tehalle<\/li>\n<li>1984\/1985: Abstieg aus der Bezirksliga Ost \/ A-Jugendmeister Kreisklasse III<\/li>\n<li>1985\/1986: A-Jugendmeister der Kreisliga<\/li>\n<li>1986: Fertigstellung des Allwetterplatzes<\/li>\n<li>1987\/1988: Aufstieg in die Bezirksliga-Ost C-Jugendmeister der Kreisklasse III<\/li>\n<li>1987\/1988: Auszeichnung durch die \u201eSepp-Herberger-Stiftung\u201c f\u00fcr \u00fcberdurchschnittliche Jugendarbeit<\/li>\n<li>1989: Manfred Bayer wird zum 1. Vorsitzenden gew\u00e4hlt<\/li>\n<li>1990\/1991: Abstieg aus der Bezirksliga-Ost<\/li>\n<li>1991\/1992: Meister der A-Klasse und Aufstieg in die Bezirksliga Ost<\/li>\n<li>1992\/1993: Klassenerhalt durch Relegation gegen TSV Saal in Sulzdorf an der Lederhecke (1:0)<\/li>\n<li>1994: 75-j\u00e4hriges Bestehen mit gro\u00dfem Festkommers in der August-F\u00f6rst-Halle<\/li>\n<li>1998: Erweiterung des Sportheims Familientag mit allen Mannschaften auf dem Sportplatz<\/li>\n<li>1998\/1999: Abstieg aus der Bezirksliga Ost durch Relegation gegen den FC Ha\u00dffurt II nach Elfmeterschie\u00dfen in K\u00f6nigsberg<\/li>\n<li>2001: Klaus Zitzmann wird zum 1. Vorsitzenden gew\u00e4hlt<\/li>\n<li>2004: 85-j\u00e4hriges Vereinsjubil\u00e4um mit gro\u00dfem Ehrenabend<\/li>\n<li>2006\/2007: Abstieg aus der Kreisliga Ost<\/li>\n<li>2007\/2008: Aufstieg in die Kreisliga durch Relegation gegen die Sportfreunde Steinbach (4:1 n.V) in Krum<\/li>\n<li>2007\/2008: Meister der Kreisklasse Reserve<\/li>\n<li>2008: Bau des DFB-Kleinspielfeldes<\/li>\n<li>2009: Manfred Bayer wird zum 1. Vorsitzenden gew\u00e4hlt<\/li>\n<li>2009: Fertigstellung der neuen Bratwurstbude\/Ger\u00e4tehalle am Allwetterplatz<\/li>\n<li>2009: Ausgliederung der Junioren-Gro\u00dffeldmannschaften in die neu gegr\u00fcndet JFG Hofheimer Land e. V<\/li>\n<li>2011: Erwin Walter wird zum 1. Vorsitzenden gew\u00e4hlt<\/li>\n<li>2012\/2013: Aufstieg der 2. Mannschaft in die A-Klasse<\/li>\n<li>2015: Alexander Bergmann wird zum 1. Vorsitzenden gew\u00e4hlt<\/li>\n<li>2016: Gewinn des Futsal-Hallenturniers in Eltmann<\/li>\n<li>2016\/2017: Meister der Kreisklasse SW 4 und Aufstieg in die Kreisliga SW<\/li>\n<li>2018\/2019: Spielbetrieb in der Kreisliga Schweinfurt 2<\/li>\n<li>2019: 100-j\u00e4hriges Vereinsjubil\u00e4um mit Ehrenabend im Haus des Gastes<\/li>\n<li>2019: Wahl einer Jahrhundert-Elf<\/li>\n<li>2020: Totopokal-Finale (Spielkreis Schweinfurt)<\/li>\n<li>2024\/2025: Gr\u00fcndung einer SG mit dem TSV 1862 Go\u00dfmannsdorf<\/li>\n<\/ul>\n\n\n<p><\/p>\n","protected":false},"excerpt":{"rendered":"<p>Oktober 1919: Gr\u00fcndung des Vereins unter dem Namen 1. FC Hofheim 1919 Gr\u00fcndungsmitglieder: Karl Hempfling, Richard St\u00f6cker, Max Wagenh\u00e4user, Adam Schlie\u00dfmann, Georg Illig, Adolf John und Ludwig Schamberger 1919: Karl Hempfling wird zum 1. Vorsitzenden gew\u00e4hlt M\u00e4rz 1920: Spielbetrieb auf dem Sportplatz \u201eGro\u00dfe Quelle\u201c Fr\u00fchjahr 1921: Fusion mit dem TV Hofheim 1921: Spiele in der &hellip; <a href=\"http:\/\/www.sv-hofheim.de\/hsv\/geschichte\/\" class=\"more-link\"><span class=\"screen-reader-text\">&#8222;Geschichte&#8220; <\/span>weiterlesen<\/a><\/p>\n","protected":false},"author":1,"featured_media":0,"parent":0,"menu_order":8,"comment_status":"closed","ping_status":"closed","template":"","meta":[],"_links":{"self":[{"href":"http:\/\/www.sv-hofheim.de\/hsv\/wp-json\/wp\/v2\/pages\/79"}],"collection":[{"href":"http:\/\/www.sv-hofheim.de\/hsv\/wp-json\/wp\/v2\/pages"}],"about":[{"href":"http:\/\/www.sv-hofheim.de\/hsv\/wp-json\/wp\/v2\/types\/page"}],"author":[{"embeddable":true,"href":"http:\/\/www.sv-hofheim.de\/hsv\/wp-json\/wp\/v2\/users\/1"}],"replies":[{"embeddable":true,"href":"http:\/\/www.sv-hofheim.de\/hsv\/wp-json\/wp\/v2\/comments?post=79"}],"version-history":[{"count":20,"href":"http:\/\/www.sv-hofheim.de\/hsv\/wp-json\/wp\/v2\/pages\/79\/revisions"}],"predecessor-version":[{"id":1826,"href":"http:\/\/www.sv-hofheim.de\/hsv\/wp-json\/wp\/v2\/pages\/79\/revisions\/1826"}],"wp:attachment":[{"href":"http:\/\/www.sv-hofheim.de\/hsv\/wp-json\/wp\/v2\/media?parent=79"}],"curies":[{"name":"wp","href":"https:\/\/api.w.org\/{rel}","templated":true}]}}