{"id":267,"date":"2015-03-02T11:52:43","date_gmt":"2015-03-02T10:52:43","guid":{"rendered":"http:\/\/www.sv-hofheim.de\/hsv\/?page_id=267"},"modified":"2025-03-19T13:24:22","modified_gmt":"2025-03-19T12:24:22","slug":"u-7","status":"publish","type":"page","link":"http:\/\/www.sv-hofheim.de\/hsv\/u-7\/","title":{"rendered":"U 7 &#8211; Junioren"},"content":{"rendered":"<p>U 7 &#8211; Junioren (G-Junioren)<\/p>\n<p>Hofheimer Land Kickers<br \/>\nSV Hofheim, TV K\u00f6nigsberg, SG Lendershausen\/Ostheim und TSV Go\u00dfmannsdorf<\/p>\n<p>Jahrg\u00e4nge 2018, 2019 und 2020<\/p>\n<p>Wir empfehlen, dass die Kinder fr\u00fchestens mit 4 Jahren mit dem Fu\u00dfballspielen beginnen.<\/p>\n<p>Training am Montag von 16:00 bis 17:00 Uhr Uhr in Hofheim<\/p>\n<p>Kontaktdaten:<br \/>\nChristian Ludwig<br \/>\nMobil: 0160\/90939308<br \/>\nE-Mail: lubber1@googlemail.com<\/p>\n<p>Training am Donnerstag von 17:30 bis 18:45 Uhr in K\u00f6nigsberg<\/p>\n<p>Kontaktdaten:<br \/>\nHeinz Schmidt<br \/>\nMobil: 0151\/28927674<\/p>\n","protected":false},"excerpt":{"rendered":"<p>U 7 &#8211; Junioren (G-Junioren) Hofheimer Land Kickers SV Hofheim, TV K\u00f6nigsberg, SG Lendershausen\/Ostheim und TSV Go\u00dfmannsdorf Jahrg\u00e4nge 2018, 2019 und 2020 Wir empfehlen, dass die Kinder fr\u00fchestens mit 4 Jahren mit dem Fu\u00dfballspielen beginnen. Training am Montag von 16:00 bis 17:00 Uhr Uhr in Hofheim Kontaktdaten: Christian Ludwig Mobil: 0160\/90939308 E-Mail: lubber1@googlemail.com Training am &hellip; <a href=\"http:\/\/www.sv-hofheim.de\/hsv\/u-7\/\" class=\"more-link\"><span class=\"screen-reader-text\">&#8222;U 7 &#8211; Junioren&#8220; <\/span>weiterlesen<\/a><\/p>\n","protected":false},"author":1,"featured_media":0,"parent":0,"menu_order":1,"comment_status":"closed","ping_status":"closed","template":"","meta":[],"_links":{"self":[{"href":"http:\/\/www.sv-hofheim.de\/hsv\/wp-json\/wp\/v2\/pages\/267"}],"collection":[{"href":"http:\/\/www.sv-hofheim.de\/hsv\/wp-json\/wp\/v2\/pages"}],"about":[{"href":"http:\/\/www.sv-hofheim.de\/hsv\/wp-json\/wp\/v2\/types\/page"}],"author":[{"embeddable":true,"href":"http:\/\/www.sv-hofheim.de\/hsv\/wp-json\/wp\/v2\/users\/1"}],"replies":[{"embeddable":true,"href":"http:\/\/www.sv-hofheim.de\/hsv\/wp-json\/wp\/v2\/comments?post=267"}],"version-history":[{"count":21,"href":"http:\/\/www.sv-hofheim.de\/hsv\/wp-json\/wp\/v2\/pages\/267\/revisions"}],"predecessor-version":[{"id":1832,"href":"http:\/\/www.sv-hofheim.de\/hsv\/wp-json\/wp\/v2\/pages\/267\/revisions\/1832"}],"wp:attachment":[{"href":"http:\/\/www.sv-hofheim.de\/hsv\/wp-json\/wp\/v2\/media?parent=267"}],"curies":[{"name":"wp","href":"https:\/\/api.w.org\/{rel}","templated":true}]}}